{"id":612,"date":"2011-02-18T15:38:12","date_gmt":"2011-02-18T15:38:12","guid":{"rendered":"http:\/\/linux-i.buxtehude.loc\/ruebkerstr\/?page_id=2"},"modified":"2021-04-14T11:01:38","modified_gmt":"2021-04-14T09:01:38","slug":"eine-seite","status":"publish","type":"page","link":"https:\/\/ruebkerstrasse.de\/?page_id=612","title":{"rendered":"Impressum"},"content":{"rendered":"<h2>Angaben gem\u00e4\u00df \u00a7 5 TMG:<\/h2>\n<p>Carsten Hinrichs<br \/>\nR\u00fcbkerstra\u00dfe 28<br \/>\n21614 Buxtehude<\/p>\n<h2>Kontakt:<\/h2>\n<p>Telefon: +49 4161 641045<br \/>\nE-Mail: bi-k40@ruebkerstrasse.de<\/p>\n<p>&nbsp;<\/p>\n<h2><strong>Konto:<\/strong><\/h2>\n<p><strong>Sparkasse Harburg-Buxtehude<\/strong><br \/>\nInh. U. Felgentreu<br \/>\n<strong>IBAN: DE06 2075 0000 0090 7436 75<\/strong><\/p>\n<p>Verwendungszweck:\u00a0<strong>Klagekonto R\u00fcbker Stra\u00dfe<\/strong><\/p>\n<h2>Haftung f\u00fcr Inhalte<\/h2>\n<p>Als Diensteanbieter sind wir gem\u00e4\u00df \u00a7 7 Abs.1 TMG f\u00fcr eigene Inhalte auf diesen Seiten nach den allgemeinen Gesetzen verantwortlich. Nach \u00a7\u00a7 8 bis 10 TMG sind wir als Diensteanbieter jedoch nicht verpflichtet, \u00fcbermittelte oder gespeicherte fremde Informationen zu \u00fcberwachen oder nach Umst\u00e4nden zu forschen, die auf eine rechtswidrige T\u00e4tigkeit hinweisen.<\/p>\n<p>&nbsp;<\/p>\n<h3>1. Haftungsbeschr\u00e4nkung<\/h3>\n<p>Die Inhalte dieses Blogs werden mit gr\u00f6\u00dftm\u00f6glicher Sorgfalt erstellt. Der Autor\/die Autoren \u00fcbernimmt\/ \u00fcbernehmen jedoch keine Gew\u00e4hr f\u00fcr die Richtigkeit, Vollst\u00e4ndigkeit und Aktualit\u00e4t der bereitgestellten Inhalte. Die Nutzung der Inhalte des Blogs erfolgen auf eigene Gefahr des Nutzers. Namentlich gekennzeichnete Beitr\u00e4ge geben die Meinung des jeweiligen Autors und nicht immer die Meinung des Anbieters wieder. Mit der reinen Nutzung des Blogs des Anbieters kommt keinerlei Vertragsverh\u00e4ltnis zwischen dem Nutzer und dem Anbieter zustande.<\/p>\n<h3>2. Externe Links<\/h3>\n<p>Diese Website enth\u00e4lt Verkn\u00fcpfungen zu Websites Dritter (\u201eexterne Links\u201c). Diese Websites unterliegen der Haftung der jeweiligen Betreiber. Der Anbieter hat bei der erstmaligen Verkn\u00fcpfung der externen Links die fremden Inhalte daraufhin \u00fcberpr\u00fcft, ob etwaige Rechtsverst\u00f6\u00dfe bestehen. Zu dem Zeitpunkt waren keine Rechtsverst\u00f6\u00dfe ersichtlich. Der Anbieter hat keinerlei Einfluss auf die aktuelle und zuk\u00fcnftige Gestaltung und auf die Inhalte der verkn\u00fcpften Seiten. Das Setzen von externen Links bedeutet nicht, dass sich der Anbieter die hinter dem Verweis oder Link liegenden Inhalte zu Eigen macht. Eine st\u00e4ndige Kontrolle der externen Links ist f\u00fcr den Anbieter ohne konkrete Hinweise auf Rechtsverst\u00f6\u00dfe nicht zumutbar. Bei Kenntnis von Rechtsverst\u00f6\u00dfen werden jedoch derartige externe Links unverz\u00fcglich gel\u00f6scht. Mit Urteil vom 12.5.1998 &#8211; 312 O 85\/98 &#8211; &#8220;Haftung f\u00fcr Links&#8221; hat das Landgericht Hamburg entschieden, dass man durch die Anbringung eines Links die Inhalte der gelinkten Seite ggfs. mit zu verantworten hat. Dieses kann nur dadurch verhindert werden, indem man sich ausdr\u00fccklich von diesen Inhalten distanziert: &#8220;Hiermit distanzieren wir uns ausdr\u00fccklich von den Inhalten aller gelinkten Seiten.&#8221; Alle Angaben ohne Gew\u00e4hr.<\/p>\n<h3>3. Urheber- und Kennzeichenrecht<\/h3>\n<p>Der \/die Autor\/en ist\/sind bestrebt, in allen Publikationen die Urheberrechte der verwendeten Grafiken, Tondokumente, Videos und Texte zu beachten. Bei allen verwendeten Grafiken, die nicht selbst erstellt wurden, befinden sich auf der jeweiligen Seite Informationen zur Herkunft.<\/p>\n<p>Ein Urheberrecht f\u00fcr ver\u00f6ffentlichte vom Autor selbst erstellte Texte, Grafiken, Fotos nimmt der Autor nicht in Anspruch, diese k\u00f6nnen frei unter Nennung der Quelle verwendet werden.<\/p>\n<h3>4. Datenschutz<\/h3>\n<p>Durch den Besuch der Website des Anbieters k\u00f6nnen Informationen \u00fcber den Zugriff (Datum, Uhrzeit, betrachtete Seite) gespeichert werden. Diese Daten geh\u00f6ren nicht zu den personenbezogenen Daten, sondern sind anonymisiert. Sie werden ausschlie\u00dflich zu statistischen Zwecken ausgewertet. Eine Weitergabe an Dritte, zu kommerziellen oder nichtkommerziellen Zwecken, findet nicht statt.<\/p>\n<p>Der Anbieter weist ausdr\u00fccklich darauf hin, dass die Daten\u00fcbertragung im Internet (z.B. bei der Kommunikation per E-Mail) Sicherheitsl\u00fccken aufweisen und nicht l\u00fcckenlos vor dem Zugriff durch Dritte gesch\u00fctzt werden kann.<\/p>\n<p>Die Verwendung der Kontaktdaten des Impressums zur gewerblichen Werbung ist ausdr\u00fccklich nicht erw\u00fcnscht, es sei denn der Anbieter hatte zuvor seine schriftliche Einwilligung erteilt oder es besteht bereits eine Gesch\u00e4ftsbeziehung. Der Anbieter und alle auf dieser Website genannten Personen widersprechen hiermit jeder kommerziellen Verwendung und Weitergabe ihrer Daten.<\/p>\n<h3>5. Hinweis zum Thema Abmahnung:<\/h3>\n<p>Keine Abmahnung ohne sich vorher mit uns in Verbindung zu setzen. Wenn Inhalt oder die Aufmachung der Seiten gegen Rechte Dritter oder gesetzliche Bestimmungen versto\u00dfen, so w\u00fcnschen wir eine entsprechende Nachricht ohne Kostennote. Wir werden die entsprechenden Passagen sofort l\u00f6schen, falls zu Recht beanstandet. Die Einschaltung eines Rechtsbeistandes ist somit nicht erforderlich.<\/p>\n","protected":false},"excerpt":{"rendered":"<p>Angaben gem\u00e4\u00df \u00a7 5 TMG: <\/p>\n<p>Carsten Hinrichs R\u00fcbkerstra\u00dfe 28 21614 Buxtehude<\/p>\n<p> Kontakt: <\/p>\n<p>Telefon: +49 4161 641045 E-Mail: bi-k40@ruebkerstrasse.de<\/p>\n<p>&nbsp;<\/p>\n<p> Konto: <\/p>\n<p>Sparkasse Harburg-Buxtehude Inh. U. Felgentreu IBAN: DE06 2075 0000 0090 7436 75<\/p>\n<p>Verwendungszweck: Klagekonto R\u00fcbker Stra\u00dfe<\/p>\n<p> Haftung f\u00fcr Inhalte <\/p>\n<p>Als Diensteanbieter sind wir gem\u00e4\u00df \u00a7 7 Abs.1 TMG f\u00fcr eigene Inhalte auf diesen Seiten nach [&#8230;]<\/p>\n","protected":false},"author":2,"featured_media":0,"parent":0,"menu_order":2,"comment_status":"closed","ping_status":"closed","template":"","meta":{"footnotes":""},"class_list":["post-612","page","type-page","status-publish","hentry","odd"],"_links":{"self":[{"href":"https:\/\/ruebkerstrasse.de\/index.php?rest_route=\/wp\/v2\/pages\/612","targetHints":{"allow":["GET"]}}],"collection":[{"href":"https:\/\/ruebkerstrasse.de\/index.php?rest_route=\/wp\/v2\/pages"}],"about":[{"href":"https:\/\/ruebkerstrasse.de\/index.php?rest_route=\/wp\/v2\/types\/page"}],"author":[{"embeddable":true,"href":"https:\/\/ruebkerstrasse.de\/index.php?rest_route=\/wp\/v2\/users\/2"}],"replies":[{"embeddable":true,"href":"https:\/\/ruebkerstrasse.de\/index.php?rest_route=%2Fwp%2Fv2%2Fcomments&post=612"}],"version-history":[{"count":0,"href":"https:\/\/ruebkerstrasse.de\/index.php?rest_route=\/wp\/v2\/pages\/612\/revisions"}],"wp:attachment":[{"href":"https:\/\/ruebkerstrasse.de\/index.php?rest_route=%2Fwp%2Fv2%2Fmedia&parent=612"}],"curies":[{"name":"wp","href":"https:\/\/api.w.org\/{rel}","templated":true}]}}